{"id":503,"date":"2021-03-03T09:55:19","date_gmt":"2021-03-03T08:55:19","guid":{"rendered":"http:\/\/plaza.vipol.pl\/?page_id=503"},"modified":"2021-03-03T10:15:44","modified_gmt":"2021-03-03T09:15:44","slug":"uslugi-it-3","status":"publish","type":"page","link":"https:\/\/vipolplaza.pl\/?page_id=503","title":{"rendered":"Us\u0142ugi IT"},"content":{"rendered":"\n<p class=\"has-text-align-left has-normal-font-size\">Z pocz\u0105tkiem kwietnia 2021 roku na terenie kompleksu Vipol Plaza b\u0119d\u0105 dost\u0119pne us\u0142ugi IT w nast\u0119puj\u0105cym zakresie:<br><br><strong>&#8211; realizacja i usuwanie problem\u00f3w lub awarii dot. ca\u0142ej infrastruktury informatycznej firm oraz jej u\u017cytkownik\u00f3w<br><br>&#8211; utrzymanie ci\u0105g\u0142o\u015bci pracy \u015brodowiska informatycznego <\/strong>\/pogwarancyjne naprawy, reinstalacje i rekonfiguracje komputer\u00f3w stacjonarnych i serwer\u00f3w; rekonfiguracje sieci komputerowych LAN, WAN i WiFi; aktualizacje i upgade oprogramowania serwerowego, stacji roboczych i aktywnego sprz\u0119tu sieciowego; zarz\u0105dzanie kopiami danych zar\u00f3wno stacji roboczych jak i serwer\u00f3w; rozwi\u0105zaniami bezpiecze\u0144stwa sieci oraz zabezpiecze\u0144 antywirusowych stacji roboczych; diagnozowaniem i eliminacj\u0105 s\u0142abych punkt\u00f3w oraz zwi\u0119kszenie wydajno\u015bci infrastruktury IT; zabezpieczeniem dost\u0119pu do sieci firmowej\/<br><br><strong>&#8211; helpdesk <\/strong>\/bie\u017c\u0105ca pomoc u\u017cytkownikom stacji roboczych w zakresie obs\u0142ugi i rozwi\u0105zywania problem\u00f3w informatycznych\/<br><br><strong>&#8211; administracja i monitoring system\u00f3w IT <\/strong>\/administrowanie:*serwerami wiod\u0105cych marek, *systemami operacyjnymi (m.in. Microsoft Windows, Linux, Unix), *us\u0142ugami zainstalowanymi na serwerach i wirtualnych \u015brodowiskach, *rozwi\u0105zaniami opartymi o wirtualizacj\u0119 (Hyper-V, Xen, KVM) i Cloud Computing wiod\u0105cych marek, *urz\u0105dzeniami sieciowymi (routery, switche, drukarki, koncentratory VPN, acces pointy wifi); monitoring wszystkich aktywnych urz\u0105dze\u0144 sieciowych, serwer\u00f3w i stacji roboczych; zarz\u0105dzanie poczt\u0105 e-maill i stronami WWW\/<br><br><strong>&#8211; wdra\u017canie oraz migracja system\u00f3w IT <\/strong>\/ instalowanie i konfiguracja: *serwer\u00f3w, komputer\u00f3w, laptop\u00f3w, element\u00f3w aktywnych sieci i oprogramowania pod potrzeby lub dostarczon\u0105 specyfikacj\u0119 przez klienta, *rozwi\u0105za\u0144 oparty na wirtualizacji (Hyper-V, Xen, KVM) i Cloud Computing wiod\u0105cych marek; migracja do nowszego sprz\u0119tu lub oprogramowania przy zachowaniu starej funkcjonalno\u015bci\/.<br><br>Zainteresowanych prosimy o kontakt z Pani\u0105 Paulin\u0105 Urbanek \/e-mail: <a href=\"mailto:p.urbanek@vipol.pl\">p.urbanek@vipol.pl<\/a>, tel. 601234323\/.<\/p>\n","protected":false},"excerpt":{"rendered":"<p>Z pocz\u0105tkiem kwietnia 2021 roku na terenie kompleksu Vipol Plaza b\u0119d\u0105 dost\u0119pne us\u0142ugi IT w nast\u0119puj\u0105cym zakresie: &#8211; realizacja i usuwanie problem\u00f3w lub awarii dot. ca\u0142ej infrastruktury informatycznej firm oraz&#8230; <a class=\"read-more-button\" href=\"https:\/\/vipolplaza.pl\/?page_id=503\">Wi\u0119cej &gt;<\/a><\/p>\n","protected":false},"author":2,"featured_media":0,"parent":0,"menu_order":0,"comment_status":"closed","ping_status":"closed","template":"","meta":[],"_links":{"self":[{"href":"https:\/\/vipolplaza.pl\/index.php?rest_route=\/wp\/v2\/pages\/503"}],"collection":[{"href":"https:\/\/vipolplaza.pl\/index.php?rest_route=\/wp\/v2\/pages"}],"about":[{"href":"https:\/\/vipolplaza.pl\/index.php?rest_route=\/wp\/v2\/types\/page"}],"author":[{"embeddable":true,"href":"https:\/\/vipolplaza.pl\/index.php?rest_route=\/wp\/v2\/users\/2"}],"replies":[{"embeddable":true,"href":"https:\/\/vipolplaza.pl\/index.php?rest_route=%2Fwp%2Fv2%2Fcomments&post=503"}],"version-history":[{"count":3,"href":"https:\/\/vipolplaza.pl\/index.php?rest_route=\/wp\/v2\/pages\/503\/revisions"}],"predecessor-version":[{"id":523,"href":"https:\/\/vipolplaza.pl\/index.php?rest_route=\/wp\/v2\/pages\/503\/revisions\/523"}],"wp:attachment":[{"href":"https:\/\/vipolplaza.pl\/index.php?rest_route=%2Fwp%2Fv2%2Fmedia&parent=503"}],"curies":[{"name":"wp","href":"https:\/\/api.w.org\/{rel}","templated":true}]}}