{"id":40,"date":"2016-08-02T13:48:04","date_gmt":"2016-08-02T12:48:04","guid":{"rendered":"http:\/\/plaza.vipol.pl\/?page_id=40"},"modified":"2021-04-29T08:07:46","modified_gmt":"2021-04-29T07:07:46","slug":"budynki-buildings","status":"publish","type":"page","link":"https:\/\/vipolplaza.pl\/?page_id=40","title":{"rendered":"Budynki &#8211; Buildings"},"content":{"rendered":"<p class=\"font_8\" style=\"text-align: justify;\"><img loading=\"lazy\" class=\"aligncenter wp-image-538 size-full\" src=\"http:\/\/plaza.vipol.pl\/wp-content\/uploads\/2021\/04\/Plan-sytuacyjny-nowe-oznaczenia-scaled.jpg\" alt=\"\" width=\"2560\" height=\"1418\" srcset=\"https:\/\/vipolplaza.pl\/wp-content\/uploads\/2021\/04\/Plan-sytuacyjny-nowe-oznaczenia-scaled.jpg 1920w, https:\/\/vipolplaza.pl\/wp-content\/uploads\/2021\/04\/Plan-sytuacyjny-nowe-oznaczenia-300x166.jpg 300w, https:\/\/vipolplaza.pl\/wp-content\/uploads\/2021\/04\/Plan-sytuacyjny-nowe-oznaczenia-1024x567.jpg 1024w, https:\/\/vipolplaza.pl\/wp-content\/uploads\/2021\/04\/Plan-sytuacyjny-nowe-oznaczenia-768x425.jpg 768w, https:\/\/vipolplaza.pl\/wp-content\/uploads\/2021\/04\/Plan-sytuacyjny-nowe-oznaczenia-1536x851.jpg 1536w, https:\/\/vipolplaza.pl\/wp-content\/uploads\/2021\/04\/Plan-sytuacyjny-nowe-oznaczenia-2048x1135.jpg 2048w, https:\/\/vipolplaza.pl\/wp-content\/uploads\/2021\/04\/Plan-sytuacyjny-nowe-oznaczenia-980x543.jpg 980w\" sizes=\"(max-width: 2560px) 100vw, 2560px\" \/><\/p>\n<p class=\"font_8\" style=\"text-align: justify;\"><strong>Obecnie na terenie kompleksu zlokalizowane s\u0105 trzy biurowce klasy A\/B+ o powierzchni najmu ponad 11 tys. m\u00b2. Plany inwestycyjne obejmuj\u0105 budow\u0119 kolejnych nowoczesnych biurowc\u00f3w. Docelowo kompleks sk\u0142ada\u0107 si\u0119 b\u0119dzie z czterech budynk\u00f3w o powierzchni oko\u0142o 33 tys. m\u00b2.<\/strong><\/p>\n<p class=\"font_8\" style=\"text-align: justify;\"><strong><span style=\"color: #808080;\">Actually, in the Vipol Plaza complex area there are three office buildings, class A\/B+, with the leasable area of over 11 thousands m\u00b2. Investment plans involve another modern office buildings. Ultimately, the complex will consist of four office building with the area of about 33 thousands m\u00b2.<\/span><\/strong><\/p>\n<p class=\"font_8\" style=\"text-align: justify;\"><span style=\"color: #008080;\"><strong><br \/>\nVIPOL PLAZA IV<\/strong><\/span><\/p>\n<p><img loading=\"lazy\" class=\" wp-image-60 aligncenter\" src=\"http:\/\/plaza.vipol.pl\/wp-content\/uploads\/2016\/08\/gc_wola_budynek_01-300x225.jpg\" alt=\"gc_wola_budynek_01\" width=\"339\" height=\"254\" srcset=\"https:\/\/vipolplaza.pl\/wp-content\/uploads\/2016\/08\/gc_wola_budynek_01-300x225.jpg 300w, https:\/\/vipolplaza.pl\/wp-content\/uploads\/2016\/08\/gc_wola_budynek_01-768x576.jpg 768w, https:\/\/vipolplaza.pl\/wp-content\/uploads\/2016\/08\/gc_wola_budynek_01.jpg 784w\" sizes=\"(max-width: 339px) 100vw, 339px\" \/><img loading=\"lazy\" class=\"wp-image-149 aligncenter\" src=\"http:\/\/plaza.vipol.pl\/wp-content\/uploads\/2016\/09\/zd.1a-300x199.jpg\" alt=\"zd-1a\" width=\"341\" height=\"226\" srcset=\"https:\/\/vipolplaza.pl\/wp-content\/uploads\/2016\/09\/zd.1a-300x199.jpg 300w, https:\/\/vipolplaza.pl\/wp-content\/uploads\/2016\/09\/zd.1a-768x510.jpg 768w, https:\/\/vipolplaza.pl\/wp-content\/uploads\/2016\/09\/zd.1a-1024x680.jpg 1024w, https:\/\/vipolplaza.pl\/wp-content\/uploads\/2016\/09\/zd.1a-980x651.jpg 980w, https:\/\/vipolplaza.pl\/wp-content\/uploads\/2016\/09\/zd.1a.jpg 1500w\" sizes=\"(max-width: 341px) 100vw, 341px\" \/><\/p>\n<p><strong>Najm\u0142odszy spo\u015br\u00f3d biurowc\u00f3w kompleksu VIPOL PLAZA to nowoczesny budynek o powierzchni ca\u0142kowitej 7181 m\u00b2. Restauracja z ogr\u00f3dkiem, sala VIP, terminal \u0142adowania samochod\u00f3w, myjnia samochodowa i gara\u017c podziemny stanowi\u0105 dope\u0142nienie szerokiego spektrum zalet okre\u015blaj\u0105cego to wyj\u0105tkowe miejsce.<\/strong><\/p>\n<p class=\"font_8\">Ilo\u015b\u0107 kondygnacji nadziemnych:\u00a0\u00a0\u00a0\u00a0\u00a0\u00a0\u00a0\u00a0\u00a0\u00a0\u00a0\u00a0\u00a0 VII<\/p>\n<p class=\"font_8\">Ilo\u015b\u0107 kondygnacji podziemnych:\u00a0\u00a0\u00a0\u00a0\u00a0\u00a0\u00a0\u00a0\u00a0\u00a0\u00a0\u00a0\u00a0 I<\/p>\n<p class=\"font_8\">Powierzchnia pi\u0119tra:\u00a0\u00a0\u00a0\u00a0\u00a0\u00a0\u00a0\u00a0\u00a0\u00a0\u00a0\u00a0\u00a0\u00a0\u00a0\u00a0\u00a0\u00a0\u00a0\u00a0 \u00a0\u00a0\u00a0\u00a0\u00a0\u00a0\u00a0\u00a0 690 &#8211; 820 m\u00b2<\/p>\n<p class=\"font_8\">Wsp\u00f3\u0142czynnik powierzchni wsp\u00f3lnych:\u00a0 6.9 %<\/p>\n<p class=\"font_8\">Niezale\u017cne windy z kontrol\u0105 dost\u0119pu<\/p>\n<p class=\"font_8\">Gara\u017c podziemny<\/p>\n<p class=\"font_8\">Parking naziemny<\/p>\n<p class=\"font_8\">Przestronna recepcja<\/p>\n<p class=\"font_8\">Reprezentacyjny podjazd od strony ul. M\u0142ynarskiej<\/p>\n<p class=\"font_8\">Budynek dostosowany do potrzeb os\u00f3b niepe\u0142nosprawnych<\/p>\n<p><strong><span style=\"color: #808080;\">The newest of Vipol Plaza complex buildings is a modern building with total area of 7181 m\u00b2. Restaurant with garden, VIP room and carwash complete a wide spectrum of amenities provides to the tenants of this extraordinary place.<\/span><\/strong><\/p>\n<p class=\"font_8\"><span style=\"color: #808080;\">Number of storeys above ground: \u00a0\u00a0\u00a0\u00a0\u00a0\u00a0\u00a0 VII<\/span><\/p>\n<p class=\"font_8\"><span style=\"color: #808080;\">Number of storeys underground:\u00a0\u00a0\u00a0\u00a0\u00a0\u00a0\u00a0\u00a0\u00a0\u00a0 I<\/span><\/p>\n<p class=\"font_8\"><span style=\"color: #808080;\">Floor \u00a0Area:\u00a0\u00a0\u00a0\u00a0\u00a0\u00a0\u00a0\u00a0\u00a0\u00a0\u00a0\u00a0\u00a0\u00a0\u00a0\u00a0\u00a0\u00a0\u00a0\u00a0\u00a0\u00a0\u00a0\u00a0\u00a0\u00a0\u00a0\u00a0\u00a0\u00a0\u00a0\u00a0\u00a0\u00a0\u00a0\u00a0\u00a0\u00a0\u00a0 690 &#8211; 820 m\u00b2<br \/>\n<\/span><\/p>\n<p class=\"font_8\"><span style=\"color: #808080;\">Add-on factor: \u00a0\u00a0\u00a0\u00a0\u00a0\u00a0\u00a0\u00a0\u00a0\u00a0\u00a0\u00a0\u00a0\u00a0\u00a0\u00a0\u00a0\u00a0\u00a0\u00a0\u00a0\u00a0\u00a0\u00a0\u00a0\u00a0\u00a0\u00a0\u00a0\u00a0\u00a0\u00a0\u00a0\u00a0\u00a0 6.9 %<\/span><\/p>\n<p class=\"font_8\"><span style=\"color: #808080;\">Independent elevators with an Access Control System<\/span><\/p>\n<p class=\"font_8\"><span style=\"color: #808080;\">Underground garage \u00a0\u00a0\u00a0\u00a0\u00a0\u00a0\u00a0\u00a0\u00a0\u00a0\u00a0\u00a0\u00a0\u00a0\u00a0\u00a0\u00a0\u00a0\u00a0\u00a0\u00a0\u00a0\u00a0\u00a0\u00a0\u00a0\u00a0\u00a0\u00a0\u00a0\u00a0\u00a0\u00a0\u00a0<\/span><\/p>\n<p class=\"font_8\"><span style=\"color: #808080;\">Above ground Parking<\/span><\/p>\n<p class=\"font_8\"><span style=\"color: #808080;\">Spacious reception<\/span><\/p>\n<p class=\"font_8\"><span style=\"color: #808080;\">Representative driveway at M\u0142ynarska Street<\/span><\/p>\n<p class=\"font_8\"><span style=\"color: #808080;\">Building adapted to the needs of the disabled<\/span><\/p>\n<p><strong><span style=\"color: #008080;\">VIPOL PLAZA III<\/span><\/strong><\/p>\n<p class=\"font_8\">\u00a0\u00a0\u00a0\u00a0\u00a0\u00a0\u00a0 <img loading=\"lazy\" class=\"wp-image-63 aligncenter\" src=\"http:\/\/plaza.vipol.pl\/wp-content\/uploads\/2016\/08\/M48-noc\u0105-1024x768.jpg\" alt=\"M48 noc\u0105\" width=\"403\" height=\"302\" srcset=\"https:\/\/vipolplaza.pl\/wp-content\/uploads\/2016\/08\/M48-noc\u0105-1024x768.jpg 1024w, https:\/\/vipolplaza.pl\/wp-content\/uploads\/2016\/08\/M48-noc\u0105-300x225.jpg 300w, https:\/\/vipolplaza.pl\/wp-content\/uploads\/2016\/08\/M48-noc\u0105-768x576.jpg 768w, https:\/\/vipolplaza.pl\/wp-content\/uploads\/2016\/08\/M48-noc\u0105-980x735.jpg 980w, https:\/\/vipolplaza.pl\/wp-content\/uploads\/2016\/08\/M48-noc\u0105.jpg 1920w\" sizes=\"(max-width: 403px) 100vw, 403px\" \/> <img loading=\"lazy\" class=\"wp-image-106 aligncenter\" src=\"http:\/\/plaza.vipol.pl\/wp-content\/uploads\/2016\/08\/5-1024x682.jpg\" alt=\"5\" width=\"402\" height=\"268\" srcset=\"https:\/\/vipolplaza.pl\/wp-content\/uploads\/2016\/08\/5-1024x682.jpg 1024w, https:\/\/vipolplaza.pl\/wp-content\/uploads\/2016\/08\/5-300x200.jpg 300w, https:\/\/vipolplaza.pl\/wp-content\/uploads\/2016\/08\/5-768x512.jpg 768w, https:\/\/vipolplaza.pl\/wp-content\/uploads\/2016\/08\/5-980x653.jpg 980w, https:\/\/vipolplaza.pl\/wp-content\/uploads\/2016\/08\/5.jpg 1920w\" sizes=\"(max-width: 402px) 100vw, 402px\" \/><\/p>\n<p><strong>Usytuowany w bezpo\u015brednim s\u0105siedztwie ulicy M\u0142ynarskiej i przystanku tramwajowego biurowiec o \u0142\u0105cznej powierz<span style=\"color: #000000;\">chni prawie 3300 m\u00b2 to n<\/span>owoczesny, pi\u0119ciopi\u0119trowy budynek, zaprojektowany wed\u0142ug najnowszych standard\u00f3w. M\u0142ynarska 48 to przeszklony, klimatyzowany biurowiec z nowoczesn\u0105, przestronn\u0105 recepcj\u0105 i w pe\u0142ni wyposa\u017conym centrum konferencyjnym.<\/strong><\/p>\n<p class=\"font_8\">Ilo\u015b\u0107 kondygnacji nadziemnych:\u00a0\u00a0\u00a0\u00a0\u00a0\u00a0\u00a0\u00a0\u00a0\u00a0\u00a0\u00a0\u00a0 VI<\/p>\n<p class=\"font_8\">Ilo\u015b\u0107 kondygnacji podziemnych:\u00a0\u00a0\u00a0\u00a0\u00a0\u00a0\u00a0\u00a0\u00a0\u00a0\u00a0\u00a0\u00a0 I<\/p>\n<p class=\"font_8\">Powierzchnia pi\u0119tra:\u00a0\u00a0\u00a0\u00a0\u00a0\u00a0\u00a0\u00a0\u00a0\u00a0\u00a0\u00a0\u00a0\u00a0\u00a0\u00a0\u00a0\u00a0\u00a0\u00a0 \u00a0\u00a0\u00a0\u00a0\u00a0\u00a0\u00a0\u00a0 420 &#8211; 580 <span style=\"color: #000000;\">m\u00b2<\/span><\/p>\n<p class=\"font_8\">Wsp\u00f3\u0142czynnik powierzchni wsp\u00f3lnych:\u00a0 6.9 %<\/p>\n<p class=\"font_8\">Niezale\u017cna winda z kontrol\u0105 dost\u0119pu<\/p>\n<p class=\"font_8\">Parking naziemny<\/p>\n<p class=\"font_8\">Przestronna recepcja<\/p>\n<p class=\"font_8\">Reprezentacyjny podjazd od strony ul. M\u0142ynarskiej<\/p>\n<p class=\"font_8\">Budynek dostosowany do potrzeb os\u00f3b niepe\u0142nosprawnych<\/p>\n<p><strong><span style=\"color: #808080;\"><br \/>\nOffice situated near to the M\u0142ynarska Street and a tram stop is a modern, five floor building, with total space almost 3300 m\u00b2, projected in the highest standards. M\u0142ynarska 48 is a glass building with air-conditioning, spacious reception and a fully equipped conference center.<\/span><\/strong><\/p>\n<p class=\"font_8\"><span style=\"color: #808080;\">Number of storeys above ground: \u00a0\u00a0\u00a0\u00a0\u00a0\u00a0\u00a0 VI<\/span><\/p>\n<p class=\"font_8\"><span style=\"color: #808080;\">Number of storeys underground:\u00a0\u00a0\u00a0\u00a0\u00a0\u00a0\u00a0\u00a0\u00a0\u00a0 I<\/span><\/p>\n<p class=\"font_8\"><span style=\"color: #808080;\">Floor \u00a0Area:\u00a0\u00a0\u00a0\u00a0\u00a0\u00a0\u00a0\u00a0\u00a0\u00a0\u00a0\u00a0\u00a0\u00a0\u00a0\u00a0\u00a0\u00a0\u00a0\u00a0\u00a0\u00a0\u00a0\u00a0\u00a0\u00a0\u00a0\u00a0\u00a0\u00a0\u00a0\u00a0\u00a0\u00a0\u00a0\u00a0\u00a0\u00a0\u00a0 420 &#8211; 580 m\u00b2<br \/>\n<\/span><\/p>\n<p class=\"font_8\"><span style=\"color: #808080;\">Add-on factor: \u00a0\u00a0\u00a0\u00a0\u00a0\u00a0\u00a0\u00a0\u00a0\u00a0\u00a0\u00a0\u00a0\u00a0\u00a0\u00a0\u00a0\u00a0\u00a0\u00a0\u00a0\u00a0\u00a0\u00a0\u00a0\u00a0\u00a0\u00a0\u00a0\u00a0\u00a0\u00a0\u00a0\u00a0\u00a0 6.9 %<\/span><\/p>\n<p class=\"font_8\"><span style=\"color: #808080;\">Independent elevator with an Access Control System<br \/>\n<\/span><\/p>\n<p class=\"font_8\"><span style=\"color: #808080;\">Above ground Parking<\/span><\/p>\n<p class=\"font_8\"><span style=\"color: #808080;\">Spacious reception<\/span><\/p>\n<p class=\"font_8\"><span style=\"color: #808080;\">Representative driveway at M\u0142ynarska Street<\/span><\/p>\n<p class=\"font_8\"><span style=\"color: #808080;\">Building adapted to the needs of the disabled<\/span><\/p>\n<p><strong><span style=\"color: #008080;\">VIPOL PLAZA II<\/span><\/strong><\/p>\n<p class=\"font_8\">\u00a0\u00a0\u00a0\u00a0\u00a0\u00a0\u00a0\u00a0\u00a0\u00a0\u00a0\u00a0\u00a0\u00a0\u00a0\u00a0\u00a0\u00a0\u00a0\u00a0\u00a0\u00a0\u00a0\u00a0\u00a0\u00a0\u00a0\u00a0\u00a0\u00a0\u00a0\u00a0\u00a0\u00a0\u00a0\u00a0\u00a0\u00a0\u00a0\u00a0\u00a0\u00a0\u00a0\u00a0\u00a0\u00a0\u00a0\u00a0\u00a0\u00a0\u00a0\u00a0\u00a0\u00a0\u00a0\u00a0\u00a0\u00a0\u00a0\u00a0\u00a0\u00a0\u00a0\u00a0\u00a0\u00a0\u00a0\u00a0\u00a0\u00a0\u00a0\u00a0\u00a0 <img loading=\"lazy\" class=\"wp-image-13 aligncenter\" src=\"http:\/\/plaza.vipol.pl\/wp-content\/uploads\/2016\/08\/VPI-1024x576.jpg\" alt=\"VPI\" width=\"544\" height=\"306\" srcset=\"https:\/\/vipolplaza.pl\/wp-content\/uploads\/2016\/08\/VPI-1024x576.jpg 1024w, https:\/\/vipolplaza.pl\/wp-content\/uploads\/2016\/08\/VPI-300x169.jpg 300w, https:\/\/vipolplaza.pl\/wp-content\/uploads\/2016\/08\/VPI-768x432.jpg 768w, https:\/\/vipolplaza.pl\/wp-content\/uploads\/2016\/08\/VPI-980x551.jpg 980w, https:\/\/vipolplaza.pl\/wp-content\/uploads\/2016\/08\/VPI.jpg 1920w\" sizes=\"(max-width: 544px) 100vw, 544px\" \/><\/p>\n<p><strong>Budynek o powierzchni ca\u0142kowitej 1177 <span style=\"color: #000000;\">m\u00b2<\/span> jest najmniejszym spo\u015br\u00f3d wszystkich nieruchomo\u015bci kompleksu VIPOL PLAZA. Klimatyzowany, przeszklony, samodzielny biurowiec z recepcj\u0105 po\u0142o\u017cony tu\u017c obok przystanku tramwajowego i ulicy idealnie nadaje si\u0119 do wynaj\u0119cia dla ma\u0142ych i \u015brednich firm.<\/strong><\/p>\n<p class=\"font_8\">Ilo\u015b\u0107 kondygnacji nadziemnych:\u00a0\u00a0\u00a0\u00a0\u00a0\u00a0\u00a0\u00a0\u00a0\u00a0\u00a0\u00a0\u00a0 III<\/p>\n<p class=\"font_8\">Ilo\u015b\u0107 kondygnacji podziemnych:\u00a0\u00a0\u00a0\u00a0\u00a0\u00a0\u00a0\u00a0\u00a0\u00a0\u00a0\u00a0\u00a0 I<\/p>\n<p class=\"font_8\">Powierzchnia pi\u0119tra:\u00a0\u00a0\u00a0\u00a0\u00a0\u00a0\u00a0\u00a0\u00a0\u00a0\u00a0\u00a0\u00a0\u00a0\u00a0\u00a0\u00a0\u00a0\u00a0\u00a0 \u00a0\u00a0\u00a0\u00a0\u00a0\u00a0\u00a0\u00a0 300 &#8211; 340 <span style=\"color: #000000;\">m\u00b2<\/span><\/p>\n<p class=\"font_8\">Wsp\u00f3\u0142czynnik powierzchni wsp\u00f3lnych:\u00a0 6.9 %<\/p>\n<p class=\"font_8\">Niezale\u017cna winda<\/p>\n<p class=\"font_8\">Parking naziemny<\/p>\n<p class=\"font_8\">Przestronna recepcja<\/p>\n<p class=\"font_8\">Reprezentacyjny podjazd od strony ul. M\u0142ynarskiej<\/p>\n<p class=\"font_8\">Budynek dostosowany do potrzeb os\u00f3b niepe\u0142nosprawnych<\/p>\n<p class=\"font_8\"><strong><span style=\"color: #808080;\"><br \/>\nBuilding with a total area of 1177 m\u00b2 is the smallest from all VIPOL PLAZA complex properties. Air-conditioned, glass, stand alone building with reception situated close by tram stop is an optimal offer for small and medium-sized companies.<\/span><\/strong><span style=\"color: #808080;\"><br \/>\nNumber of storeys above ground: \u00a0\u00a0\u00a0\u00a0\u00a0\u00a0\u00a0 III<br \/>\n<\/span><\/p>\n<p class=\"font_8\"><span style=\"color: #808080;\">Number of storeys underground:\u00a0\u00a0\u00a0\u00a0\u00a0\u00a0\u00a0\u00a0\u00a0\u00a0 I<\/span><\/p>\n<p class=\"font_8\"><span style=\"color: #808080;\">Floor \u00a0Area:\u00a0\u00a0\u00a0\u00a0\u00a0\u00a0\u00a0\u00a0\u00a0\u00a0\u00a0\u00a0\u00a0\u00a0\u00a0\u00a0\u00a0\u00a0\u00a0\u00a0\u00a0\u00a0\u00a0\u00a0\u00a0\u00a0\u00a0\u00a0\u00a0\u00a0\u00a0\u00a0\u00a0\u00a0\u00a0\u00a0\u00a0\u00a0\u00a0 300 &#8211; 340 m\u00b2<br \/>\n<\/span><\/p>\n<p class=\"font_8\"><span style=\"color: #808080;\">Add-on factor: \u00a0\u00a0\u00a0\u00a0\u00a0\u00a0\u00a0\u00a0\u00a0\u00a0\u00a0\u00a0\u00a0\u00a0\u00a0\u00a0\u00a0\u00a0\u00a0\u00a0\u00a0\u00a0\u00a0\u00a0\u00a0\u00a0\u00a0\u00a0\u00a0\u00a0\u00a0\u00a0\u00a0\u00a0\u00a0 6.9 %<\/span><\/p>\n<p class=\"font_8\"><span style=\"color: #808080;\">Independent elevator with an Access Control System<br \/>\n<\/span><\/p>\n<p class=\"font_8\"><span style=\"color: #808080;\">Above ground Parking<\/span><\/p>\n<p class=\"font_8\"><span style=\"color: #808080;\">Spacious reception<\/span><\/p>\n<p class=\"font_8\"><span style=\"color: #808080;\">Representative driveway at M\u0142ynarska Street<\/span><\/p>\n<p class=\"font_8\"><span style=\"color: #808080;\">Building adapted to the needs of the disabled<\/span><\/p>\n","protected":false},"excerpt":{"rendered":"<p>Obecnie na terenie kompleksu zlokalizowane s\u0105 trzy biurowce klasy A\/B+ o powierzchni najmu ponad 11 tys. m\u00b2. Plany inwestycyjne obejmuj\u0105 budow\u0119 kolejnych nowoczesnych biurowc\u00f3w. Docelowo kompleks sk\u0142ada\u0107 si\u0119 b\u0119dzie z&#8230; <a class=\"read-more-button\" href=\"https:\/\/vipolplaza.pl\/?page_id=40\">Wi\u0119cej &gt;<\/a><\/p>\n","protected":false},"author":2,"featured_media":0,"parent":0,"menu_order":0,"comment_status":"closed","ping_status":"closed","template":"","meta":[],"_links":{"self":[{"href":"https:\/\/vipolplaza.pl\/index.php?rest_route=\/wp\/v2\/pages\/40"}],"collection":[{"href":"https:\/\/vipolplaza.pl\/index.php?rest_route=\/wp\/v2\/pages"}],"about":[{"href":"https:\/\/vipolplaza.pl\/index.php?rest_route=\/wp\/v2\/types\/page"}],"author":[{"embeddable":true,"href":"https:\/\/vipolplaza.pl\/index.php?rest_route=\/wp\/v2\/users\/2"}],"replies":[{"embeddable":true,"href":"https:\/\/vipolplaza.pl\/index.php?rest_route=%2Fwp%2Fv2%2Fcomments&post=40"}],"version-history":[{"count":42,"href":"https:\/\/vipolplaza.pl\/index.php?rest_route=\/wp\/v2\/pages\/40\/revisions"}],"predecessor-version":[{"id":539,"href":"https:\/\/vipolplaza.pl\/index.php?rest_route=\/wp\/v2\/pages\/40\/revisions\/539"}],"wp:attachment":[{"href":"https:\/\/vipolplaza.pl\/index.php?rest_route=%2Fwp%2Fv2%2Fmedia&parent=40"}],"curies":[{"name":"wp","href":"https:\/\/api.w.org\/{rel}","templated":true}]}}