{"id":2,"date":"2016-08-01T13:21:41","date_gmt":"2016-08-01T13:21:41","guid":{"rendered":"http:\/\/plaza.vipol.pl\/?page_id=2"},"modified":"2025-11-19T11:56:21","modified_gmt":"2025-11-19T09:56:21","slug":"sample-page","status":"publish","type":"page","link":"https:\/\/vipolplaza.pl\/?page_id=2","title":{"rendered":"Strona g\u0142\u00f3wna &#8211; Home"},"content":{"rendered":"<p>&nbsp;<\/p>\n<p><iframe loading=\"lazy\" title=\"VIPOL PLAZA\" width=\"690\" height=\"388\" src=\"https:\/\/www.youtube.com\/embed\/7beJQCuddK4?feature=oembed\" frameborder=\"0\" allow=\"accelerometer; autoplay; clipboard-write; encrypted-media; gyroscope; picture-in-picture; web-share\" referrerpolicy=\"strict-origin-when-cross-origin\" allowfullscreen><\/iframe><\/p>\n<h6 class=\"font_8\" style=\"text-align: justify;\"><span style=\"color: #008080;\">DOGODNE MIEJSCE DO PRACY<\/span><\/h6>\n<p class=\"font_8\" style=\"text-align: justify;\">Kompleks biurowy VIPOL PLAZA stanowi unikalne po\u0142\u0105czenie dobrej lokalizacji, eleganckiej architektury i nowoczesnych technologii.<br \/>\nWszystkie budynki reprezentuj\u0105 najwy\u017csze standardy. Jasne, obszerne wn\u0119trza umo\u017cliwiaj\u0105 elastyczn\u0105 aran\u017cacj\u0119, dostosowan\u0105 pod indywidualne potrzeby najemcy. Centrum konferencyjne, myjnia samochodowa, restauracja z ogr\u00f3dkiem, czy te\u017c\u00a0terminal \u0142adowania samochod\u00f3w elektrycznych na terenie kompleksu, stwarzaj\u0105 komfortowe i przyjazne \u015brodowisko pracy. VIPOL PLAZA dysponuje ponadto gara\u017cem na ponad 100 aut oraz parkingiem naziemnym z ponad 200 miejscami parkingowymi.<\/p>\n<p class=\"font_8\" style=\"text-align: justify;\"><strong>VIPOL PLAZA to miejsce dla os\u00f3b ceni\u0105cych wygod\u0119, efektywno\u015b\u0107 i pozytywny klimat dla biznesu.<\/strong><\/p>\n<h6 class=\"font_8\" style=\"text-align: justify;\"><\/h6>\n<h6 class=\"font_8\" style=\"text-align: justify;\"><span style=\"color: #008080;\">CONVENIENT WORK SPACE<br \/>\n<\/span><\/h6>\n<p class=\"font_8\" style=\"text-align: justify;\"><span style=\"color: #808080;\">The VIPOL PLAZA office complex provides a unique combination of a good location, elegant architecture and modern technology. <\/span><br \/>\n<span style=\"color: #808080;\">All the buildings present the high standards. Bright spacious interiors enable a flexible arrangement tailored for the individual needs of tenants. A Conference Centre, a car wash, a restaurant with a garden, or even a terminal charging electric cars in the complex area make for a comfortable and friendly work environment. Moreover VIPOL PLAZA has the\u00a0 garage for over 100 cars and the above ground parking with over 200 parking spots.<\/span><\/p>\n<p class=\"font_8\" style=\"text-align: justify;\"><strong><span style=\"color: #808080;\">VIPOL PLAZA is a place for those who appreciate a convenient, efficient and positive climate for business.<\/span><\/strong><\/p>\n","protected":false},"excerpt":{"rendered":"<p>&nbsp; DOGODNE MIEJSCE DO PRACY Kompleks biurowy VIPOL PLAZA stanowi unikalne po\u0142\u0105czenie dobrej lokalizacji, eleganckiej architektury i nowoczesnych technologii. Wszystkie budynki reprezentuj\u0105 najwy\u017csze standardy. Jasne, obszerne wn\u0119trza umo\u017cliwiaj\u0105 elastyczn\u0105 aran\u017cacj\u0119,&#8230; <a class=\"read-more-button\" href=\"https:\/\/vipolplaza.pl\/?page_id=2\">Wi\u0119cej &gt;<\/a><\/p>\n","protected":false},"author":2,"featured_media":0,"parent":0,"menu_order":0,"comment_status":"closed","ping_status":"open","template":"","meta":[],"_links":{"self":[{"href":"https:\/\/vipolplaza.pl\/index.php?rest_route=\/wp\/v2\/pages\/2"}],"collection":[{"href":"https:\/\/vipolplaza.pl\/index.php?rest_route=\/wp\/v2\/pages"}],"about":[{"href":"https:\/\/vipolplaza.pl\/index.php?rest_route=\/wp\/v2\/types\/page"}],"author":[{"embeddable":true,"href":"https:\/\/vipolplaza.pl\/index.php?rest_route=\/wp\/v2\/users\/2"}],"replies":[{"embeddable":true,"href":"https:\/\/vipolplaza.pl\/index.php?rest_route=%2Fwp%2Fv2%2Fcomments&post=2"}],"version-history":[{"count":19,"href":"https:\/\/vipolplaza.pl\/index.php?rest_route=\/wp\/v2\/pages\/2\/revisions"}],"predecessor-version":[{"id":748,"href":"https:\/\/vipolplaza.pl\/index.php?rest_route=\/wp\/v2\/pages\/2\/revisions\/748"}],"wp:attachment":[{"href":"https:\/\/vipolplaza.pl\/index.php?rest_route=%2Fwp%2Fv2%2Fmedia&parent=2"}],"curies":[{"name":"wp","href":"https:\/\/api.w.org\/{rel}","templated":true}]}}